{"id":10047,"date":"2023-04-25T19:57:41","date_gmt":"2023-04-25T17:57:41","guid":{"rendered":"https:\/\/vinab.se\/construction\/"},"modified":"2024-11-06T09:28:42","modified_gmt":"2024-11-06T08:28:42","slug":"construction","status":"publish","type":"page","link":"https:\/\/vinab.se\/en\/our-offer\/construction\/","title":{"rendered":"Construction"},"content":{"rendered":"\t\t<div data-elementor-type=\"wp-page\" data-elementor-id=\"10047\" class=\"elementor elementor-10047 elementor-2901\" data-elementor-post-type=\"page\">\n\t\t\t\t\t\t<section class=\"elementor-section elementor-top-section elementor-element elementor-element-a3185e9 elementor-section-full_width elementor-section-height-default elementor-section-height-default\" data-id=\"a3185e9\" data-element_type=\"section\" data-settings=\"{&quot;background_background&quot;:&quot;classic&quot;,&quot;jet_parallax_layout_list&quot;:[]}\">\n\t\t\t\t\t\t\t<div class=\"elementor-background-overlay\"><\/div>\n\t\t\t\t\t\t\t<div class=\"elementor-container elementor-column-gap-default\">\n\t\t\t\t\t<div class=\"elementor-column elementor-col-50 elementor-top-column elementor-element elementor-element-a89f55d\" data-id=\"a89f55d\" data-element_type=\"column\">\n\t\t\t<div class=\"elementor-widget-wrap elementor-element-populated\">\n\t\t\t\t\t\t<div class=\"elementor-element elementor-element-d41c8db premium-header-inline premium-lq__none premium-box-lq__none elementor-widget elementor-widget-premium-addon-dual-header\" data-id=\"d41c8db\" data-element_type=\"widget\" data-widget_type=\"premium-addon-dual-header.default\">\n\t\t\t\t<div class=\"elementor-widget-container\">\n\t\t\t\t\t\n\t\t\t\t\t<span class=\"premium-dual-header-first-header \"><span class=\"premium-dual-header-first-span\">OUR OFFER <\/span><\/span> \t\t\n\t\t\t\t\t\t<\/div>\n\t\t\t\t<\/div>\n\t\t\t\t<div class=\"elementor-element elementor-element-465b4c7 elementor-widget elementor-widget-heading\" data-id=\"465b4c7\" data-element_type=\"widget\" data-widget_type=\"heading.default\">\n\t\t\t\t<div class=\"elementor-widget-container\">\n\t\t\t\t\t<h3 class=\"elementor-heading-title elementor-size-default\">Construction<\/h3>\t\t\t\t<\/div>\n\t\t\t\t<\/div>\n\t\t\t\t<div class=\"elementor-element elementor-element-8bdaf63 elementor-widget__width-inherit elementor-widget-mobile__width-inherit elementor-widget elementor-widget-heading\" data-id=\"8bdaf63\" data-element_type=\"widget\" data-widget_type=\"heading.default\">\n\t\t\t\t<div class=\"elementor-widget-container\">\n\t\t\t\t\t<p class=\"elementor-heading-title elementor-size-default\">Our Construction departments are represented in Lule\u00e5, \u00d6verkalix, G\u00e4llivare and Kiruna.  <\/p>\t\t\t\t<\/div>\n\t\t\t\t<\/div>\n\t\t\t\t\t<\/div>\n\t\t<\/div>\n\t\t\t\t<div class=\"elementor-column elementor-col-50 elementor-top-column elementor-element elementor-element-3c7f7fe\" data-id=\"3c7f7fe\" data-element_type=\"column\">\n\t\t\t<div class=\"elementor-widget-wrap\">\n\t\t\t\t\t\t\t<\/div>\n\t\t<\/div>\n\t\t\t\t\t<\/div>\n\t\t<\/section>\n\t\t\t\t<section class=\"elementor-section elementor-top-section elementor-element elementor-element-6d95596 elementor-section-full_width elementor-hidden-tablet elementor-hidden-mobile elementor-section-height-default elementor-section-height-default\" data-id=\"6d95596\" data-element_type=\"section\" data-settings=\"{&quot;background_background&quot;:&quot;classic&quot;,&quot;jet_parallax_layout_list&quot;:[]}\">\n\t\t\t\t\t\t<div class=\"elementor-container elementor-column-gap-default\">\n\t\t\t\t\t<div class=\"elementor-column elementor-col-100 elementor-top-column elementor-element elementor-element-4624b87\" data-id=\"4624b87\" data-element_type=\"column\">\n\t\t\t<div class=\"elementor-widget-wrap elementor-element-populated\">\n\t\t\t\t\t\t<div class=\"elementor-element elementor-element-a040caf elementor-nav-menu--dropdown-none elementor-widget elementor-widget-global elementor-global-10292 elementor-global-7217 elementor-widget-nav-menu\" data-id=\"a040caf\" data-element_type=\"widget\" data-settings=\"{&quot;layout&quot;:&quot;horizontal&quot;,&quot;submenu_icon&quot;:{&quot;value&quot;:&quot;fas fa-caret-down&quot;,&quot;library&quot;:&quot;fa-solid&quot;}}\" data-widget_type=\"nav-menu.default\">\n\t\t\t\t<div class=\"elementor-widget-container\">\n\t\t\t\t\t\t\t\t<nav aria-label=\"Menu\" class=\"elementor-nav-menu--main elementor-nav-menu__container elementor-nav-menu--layout-horizontal e--pointer-none\">\n\t\t\t\t<ul id=\"menu-1-a040caf\" class=\"elementor-nav-menu\"><li class=\"menu-item menu-item-type-post_type menu-item-object-page menu-item-10349\"><a href=\"https:\/\/vinab.se\/en\/our-offer\/construction\/\" class=\"elementor-item\">Construction<\/a><\/li>\n<li class=\"menu-item menu-item-type-post_type menu-item-object-page menu-item-10350\"><a href=\"https:\/\/vinab.se\/en\/our-offer\/project-department\/\" class=\"elementor-item\">Project department<\/a><\/li>\n<li class=\"menu-item menu-item-type-post_type menu-item-object-page menu-item-10351\"><a href=\"https:\/\/vinab.se\/en\/our-offer\/quality-environment-work-environment\/\" class=\"elementor-item\">Quality, environment &amp; work environment<\/a><\/li>\n<li class=\"menu-item menu-item-type-post_type menu-item-object-page menu-item-10352\"><a href=\"https:\/\/vinab.se\/en\/our-offer\/pipe-welding\/\" class=\"elementor-item\">Pipe welding<\/a><\/li>\n<li class=\"menu-item menu-item-type-post_type menu-item-object-page menu-item-10353\"><a href=\"https:\/\/vinab.se\/en\/our-offer\/mechanics-workshops\/\" class=\"elementor-item\">Mechanics&#8217; workshops<\/a><\/li>\n<li class=\"menu-item menu-item-type-post_type menu-item-object-page menu-item-10354\"><a href=\"https:\/\/vinab.se\/en\/our-offer\/hardox-wearparts\/\" class=\"elementor-item\">Hardox Wearparts<\/a><\/li>\n<\/ul>\t\t\t<\/nav>\n\t\t\t\t\t\t<nav class=\"elementor-nav-menu--dropdown elementor-nav-menu__container\" aria-hidden=\"true\">\n\t\t\t\t<ul id=\"menu-2-a040caf\" class=\"elementor-nav-menu\"><li class=\"menu-item menu-item-type-post_type menu-item-object-page menu-item-10349\"><a href=\"https:\/\/vinab.se\/en\/our-offer\/construction\/\" class=\"elementor-item\" tabindex=\"-1\">Construction<\/a><\/li>\n<li class=\"menu-item menu-item-type-post_type menu-item-object-page menu-item-10350\"><a href=\"https:\/\/vinab.se\/en\/our-offer\/project-department\/\" class=\"elementor-item\" tabindex=\"-1\">Project department<\/a><\/li>\n<li class=\"menu-item menu-item-type-post_type menu-item-object-page menu-item-10351\"><a href=\"https:\/\/vinab.se\/en\/our-offer\/quality-environment-work-environment\/\" class=\"elementor-item\" tabindex=\"-1\">Quality, environment &amp; work environment<\/a><\/li>\n<li class=\"menu-item menu-item-type-post_type menu-item-object-page menu-item-10352\"><a href=\"https:\/\/vinab.se\/en\/our-offer\/pipe-welding\/\" class=\"elementor-item\" tabindex=\"-1\">Pipe welding<\/a><\/li>\n<li class=\"menu-item menu-item-type-post_type menu-item-object-page menu-item-10353\"><a href=\"https:\/\/vinab.se\/en\/our-offer\/mechanics-workshops\/\" class=\"elementor-item\" tabindex=\"-1\">Mechanics&#8217; workshops<\/a><\/li>\n<li class=\"menu-item menu-item-type-post_type menu-item-object-page menu-item-10354\"><a href=\"https:\/\/vinab.se\/en\/our-offer\/hardox-wearparts\/\" class=\"elementor-item\" tabindex=\"-1\">Hardox Wearparts<\/a><\/li>\n<\/ul>\t\t\t<\/nav>\n\t\t\t\t\t\t<\/div>\n\t\t\t\t<\/div>\n\t\t\t\t\t<\/div>\n\t\t<\/div>\n\t\t\t\t\t<\/div>\n\t\t<\/section>\n\t\t\t\t<section class=\"elementor-section elementor-top-section elementor-element elementor-element-2190a01 elementor-section-full_width elementor-section-height-default elementor-section-height-default\" data-id=\"2190a01\" data-element_type=\"section\" data-settings=\"{&quot;background_background&quot;:&quot;classic&quot;,&quot;jet_parallax_layout_list&quot;:[]}\">\n\t\t\t\t\t\t<div class=\"elementor-container elementor-column-gap-default\">\n\t\t\t\t\t<div class=\"elementor-column elementor-col-50 elementor-top-column elementor-element elementor-element-d2f8118\" data-id=\"d2f8118\" data-element_type=\"column\">\n\t\t\t<div class=\"elementor-widget-wrap elementor-element-populated\">\n\t\t\t\t\t\t<div class=\"elementor-element elementor-element-93e76ce premium-header-inline premium-lq__none premium-box-lq__none elementor-widget elementor-widget-premium-addon-dual-header\" data-id=\"93e76ce\" data-element_type=\"widget\" data-widget_type=\"premium-addon-dual-header.default\">\n\t\t\t\t<div class=\"elementor-widget-container\">\n\t\t\t\t\t\n\t\t\t\t\t<span class=\"premium-dual-header-first-header \"><span class=\"premium-dual-header-first-span\">OUR OFFER \/ Construction <\/span><\/span> \t\t\n\t\t\t\t\t\t<\/div>\n\t\t\t\t<\/div>\n\t\t\t\t<div class=\"elementor-element elementor-element-8541cf2 elementor-invisible elementor-widget elementor-widget-heading\" data-id=\"8541cf2\" data-element_type=\"widget\" data-settings=\"{&quot;_animation&quot;:&quot;fadeInUp&quot;}\" data-widget_type=\"heading.default\">\n\t\t\t\t<div class=\"elementor-widget-container\">\n\t\t\t\t\t<h2 class=\"elementor-heading-title elementor-size-default\">Construction<\/h2>\t\t\t\t<\/div>\n\t\t\t\t<\/div>\n\t\t\t\t<div class=\"elementor-element elementor-element-91e1b2f elementor-widget elementor-widget-heading\" data-id=\"91e1b2f\" data-element_type=\"widget\" data-widget_type=\"heading.default\">\n\t\t\t\t<div class=\"elementor-widget-container\">\n\t\t\t\t\t<h2 class=\"elementor-heading-title elementor-size-default\">We utilize the entire company's expertise in manufacturing, project management, assembly work and maintenance to find solutions that are well thought out at every stage for you and your business.<\/h2>\t\t\t\t<\/div>\n\t\t\t\t<\/div>\n\t\t\t\t<div class=\"elementor-element elementor-element-710964b elementor-invisible elementor-widget elementor-widget-text-editor\" data-id=\"710964b\" data-element_type=\"widget\" data-settings=\"{&quot;_animation&quot;:&quot;fadeInUp&quot;,&quot;_animation_delay&quot;:80}\" data-widget_type=\"text-editor.default\">\n\t\t\t\t<div class=\"elementor-widget-container\">\n\t\t\t\t\t\t\t\t\t<p><span style=\"font-weight: 400;\">Our Construction departments are represented in Lule\u00e5, \u00d6verkalix, G\u00e4llivare and Kiruna.  <\/span><\/p>\n<p><span style=\"font-weight: 400;\">Our assignments include everything from simple design assignments to more advanced strength analysis, non-linear analysis with temperature loads and large deformations. We also perform 3D scanning, which is an effective tool when you need to measure difficult-to-access environments or larger plant components, buildings and machines for further design.   <\/span><\/p>\n\t\t\t\t\t\t\t\t<\/div>\n\t\t\t\t<\/div>\n\t\t\t\t<div class=\"elementor-element elementor-element-ddef98f elementor-widget-divider--view-line elementor-widget elementor-widget-divider\" data-id=\"ddef98f\" data-element_type=\"widget\" data-widget_type=\"divider.default\">\n\t\t\t\t<div class=\"elementor-widget-container\">\n\t\t\t\t\t\t\t<div class=\"elementor-divider\">\n\t\t\t<span class=\"elementor-divider-separator\">\n\t\t\t\t\t\t<\/span>\n\t\t<\/div>\n\t\t\t\t\t\t<\/div>\n\t\t\t\t<\/div>\n\t\t\t\t<section class=\"elementor-section elementor-inner-section elementor-element elementor-element-770f68a elementor-section-boxed elementor-section-height-default elementor-section-height-default\" data-id=\"770f68a\" data-element_type=\"section\" data-settings=\"{&quot;jet_parallax_layout_list&quot;:[]}\">\n\t\t\t\t\t\t<div class=\"elementor-container elementor-column-gap-default\">\n\t\t\t\t\t<div class=\"elementor-column elementor-col-100 elementor-inner-column elementor-element elementor-element-1cfc321\" data-id=\"1cfc321\" data-element_type=\"column\">\n\t\t\t<div class=\"elementor-widget-wrap elementor-element-populated\">\n\t\t\t\t\t\t<div class=\"elementor-element elementor-element-e570cb1 elementor-widget elementor-widget-heading\" data-id=\"e570cb1\" data-element_type=\"widget\" data-widget_type=\"heading.default\">\n\t\t\t\t<div class=\"elementor-widget-container\">\n\t\t\t\t\t<h2 class=\"elementor-heading-title elementor-size-default\">Want to know more?<\/h2>\t\t\t\t<\/div>\n\t\t\t\t<\/div>\n\t\t\t\t<div class=\"elementor-element elementor-element-525c2d5 elementor-invisible elementor-widget elementor-widget-text-editor\" data-id=\"525c2d5\" data-element_type=\"widget\" data-settings=\"{&quot;_animation&quot;:&quot;fadeInUp&quot;,&quot;_animation_delay&quot;:80}\" data-widget_type=\"text-editor.default\">\n\t\t\t\t<div class=\"elementor-widget-container\">\n\t\t\t\t\t\t\t\t\t<p><span style=\"font-weight: 400;\">We have a broad project page for you in the heavy industry.  <\/span><\/p>\n<p>Do not hesitate to contact us.  <span style=\"font-weight: 400;\">We are currently about twenty employees working on projects throughout Sweden and northern Finland on an annual basis.  <\/span><\/p>\n\t\t\t\t\t\t\t\t<\/div>\n\t\t\t\t<\/div>\n\t\t\t\t\t<\/div>\n\t\t<\/div>\n\t\t\t\t\t<\/div>\n\t\t<\/section>\n\t\t\t\t<div class=\"elementor-element elementor-element-13c8a71 elementor-align-left elementor-mobile-align-left elementor-invisible elementor-widget elementor-widget-button\" data-id=\"13c8a71\" data-element_type=\"widget\" data-settings=\"{&quot;_animation&quot;:&quot;fadeInUp&quot;,&quot;_animation_delay&quot;:500}\" data-widget_type=\"button.default\">\n\t\t\t\t<div class=\"elementor-widget-container\">\n\t\t\t\t\t\t\t\t\t<div class=\"elementor-button-wrapper\">\n\t\t\t\t\t<a class=\"elementor-button elementor-button-link elementor-size-sm elementor-animation-shrink\" href=\"https:\/\/vinab.se\/en\/contact-us\/\">\n\t\t\t\t\t\t<span class=\"elementor-button-content-wrapper\">\n\t\t\t\t\t\t<span class=\"elementor-button-icon\">\n\t\t\t\t<i aria-hidden=\"true\" class=\"icon icon-right-arrow1\"><\/i>\t\t\t<\/span>\n\t\t\t\t\t\t\t\t\t<span class=\"elementor-button-text\">Contact us for more information<\/span>\n\t\t\t\t\t<\/span>\n\t\t\t\t\t<\/a>\n\t\t\t\t<\/div>\n\t\t\t\t\t\t\t\t<\/div>\n\t\t\t\t<\/div>\n\t\t\t\t\t<\/div>\n\t\t<\/div>\n\t\t\t\t<div class=\"elementor-column elementor-col-50 elementor-top-column elementor-element elementor-element-d1d496d\" data-id=\"d1d496d\" data-element_type=\"column\">\n\t\t\t<div class=\"elementor-widget-wrap elementor-element-populated\">\n\t\t\t\t\t\t<div class=\"elementor-element elementor-element-c07bb06 elementor-hidden-mobile elementor-hidden-tablet elementor-invisible elementor-widget elementor-widget-image\" data-id=\"c07bb06\" data-element_type=\"widget\" data-settings=\"{&quot;_animation&quot;:&quot;fadeInUp&quot;}\" data-widget_type=\"image.default\">\n\t\t\t\t<div class=\"elementor-widget-container\">\n\t\t\t\t\t\t\t\t\t\t\t\t\t\t\t<img fetchpriority=\"high\" decoding=\"async\" width=\"1024\" height=\"1536\" src=\"https:\/\/vinab.se\/wp-content\/uploads\/2023\/04\/Kiruna-38-1024x1536.jpg\" class=\"attachment-1536x1536 size-1536x1536 wp-image-9208\" alt=\"\" srcset=\"https:\/\/vinab.se\/wp-content\/uploads\/2023\/04\/Kiruna-38-1024x1536.jpg 1024w, https:\/\/vinab.se\/wp-content\/uploads\/2023\/04\/Kiruna-38-200x300.jpg 200w, https:\/\/vinab.se\/wp-content\/uploads\/2023\/04\/Kiruna-38-683x1024.jpg 683w, https:\/\/vinab.se\/wp-content\/uploads\/2023\/04\/Kiruna-38-768x1152.jpg 768w, https:\/\/vinab.se\/wp-content\/uploads\/2023\/04\/Kiruna-38.jpg 1280w\" sizes=\"(max-width: 1024px) 100vw, 1024px\" \/>\t\t\t\t\t\t\t\t\t\t\t\t\t\t\t<\/div>\n\t\t\t\t<\/div>\n\t\t\t\t\t<\/div>\n\t\t<\/div>\n\t\t\t\t\t<\/div>\n\t\t<\/section>\n\t\t\t\t<\/div>\n\t\t","protected":false},"excerpt":{"rendered":"<p>OUR OFFER Construction Our Construction departments are represented in Lule\u00e5, \u00d6verkalix, G\u00e4llivare and Kiruna. OUR OFFER \/ Construction Construction We utilize the entire company&#8217;s expertise in manufacturing, project management, assembly work and maintenance to find solutions that are well thought out at every stage for you and your business. Our Construction departments are represented in [&hellip;]<\/p>\n","protected":false},"author":1,"featured_media":0,"parent":10071,"menu_order":0,"comment_status":"closed","ping_status":"closed","template":"elementor_header_footer","meta":{"_acf_changed":false,"footnotes":""},"class_list":["post-10047","page","type-page","status-publish","hentry"],"acf":[],"_links":{"self":[{"href":"https:\/\/vinab.se\/en\/wp-json\/wp\/v2\/pages\/10047","targetHints":{"allow":["GET"]}}],"collection":[{"href":"https:\/\/vinab.se\/en\/wp-json\/wp\/v2\/pages"}],"about":[{"href":"https:\/\/vinab.se\/en\/wp-json\/wp\/v2\/types\/page"}],"author":[{"embeddable":true,"href":"https:\/\/vinab.se\/en\/wp-json\/wp\/v2\/users\/1"}],"replies":[{"embeddable":true,"href":"https:\/\/vinab.se\/en\/wp-json\/wp\/v2\/comments?post=10047"}],"version-history":[{"count":2,"href":"https:\/\/vinab.se\/en\/wp-json\/wp\/v2\/pages\/10047\/revisions"}],"predecessor-version":[{"id":10049,"href":"https:\/\/vinab.se\/en\/wp-json\/wp\/v2\/pages\/10047\/revisions\/10049"}],"up":[{"embeddable":true,"href":"https:\/\/vinab.se\/en\/wp-json\/wp\/v2\/pages\/10071"}],"wp:attachment":[{"href":"https:\/\/vinab.se\/en\/wp-json\/wp\/v2\/media?parent=10047"}],"curies":[{"name":"wp","href":"https:\/\/api.w.org\/{rel}","templated":true}]}}