{"id":10278,"date":"2023-08-22T13:36:12","date_gmt":"2023-08-22T11:36:12","guid":{"rendered":"https:\/\/vinab.se\/the-project\/"},"modified":"2024-11-21T13:32:03","modified_gmt":"2024-11-21T12:32:03","slug":"the-project","status":"publish","type":"page","link":"https:\/\/vinab.se\/en\/the-project\/","title":{"rendered":"Projects"},"content":{"rendered":"\t\t<div data-elementor-type=\"wp-page\" data-elementor-id=\"10278\" class=\"elementor elementor-10278 elementor-5053\" data-elementor-post-type=\"page\">\n\t\t\t\t\t\t<section class=\"elementor-section elementor-top-section elementor-element elementor-element-2abe284d elementor-section-full_width elementor-section-height-default elementor-section-height-default\" data-id=\"2abe284d\" data-element_type=\"section\" data-settings=\"{&quot;background_background&quot;:&quot;classic&quot;,&quot;jet_parallax_layout_list&quot;:[]}\">\n\t\t\t\t\t\t\t<div class=\"elementor-background-overlay\"><\/div>\n\t\t\t\t\t\t\t<div class=\"elementor-container elementor-column-gap-default\">\n\t\t\t\t\t<div class=\"elementor-column elementor-col-50 elementor-top-column elementor-element elementor-element-1318ebed\" data-id=\"1318ebed\" data-element_type=\"column\">\n\t\t\t<div class=\"elementor-widget-wrap elementor-element-populated\">\n\t\t\t\t\t\t<div class=\"elementor-element elementor-element-a136b0c premium-header-inline premium-lq__none premium-box-lq__none elementor-widget elementor-widget-premium-addon-dual-header\" data-id=\"a136b0c\" data-element_type=\"widget\" data-widget_type=\"premium-addon-dual-header.default\">\n\t\t\t\t<div class=\"elementor-widget-container\">\n\t\t\t\t\t\n\t\t\t\t\t<span class=\"premium-dual-header-first-header \"><span class=\"premium-dual-header-first-span\">PROJECT <\/span><\/span> \t\t\n\t\t\t\t\t\t<\/div>\n\t\t\t\t<\/div>\n\t\t\t\t<div class=\"elementor-element elementor-element-4a8bd298 elementor-widget elementor-widget-heading\" data-id=\"4a8bd298\" data-element_type=\"widget\" data-widget_type=\"heading.default\">\n\t\t\t\t<div class=\"elementor-widget-container\">\n\t\t\t\t\t<h3 class=\"elementor-heading-title elementor-size-default\">Your partner through time<\/h3>\t\t\t\t<\/div>\n\t\t\t\t<\/div>\n\t\t\t\t<div class=\"elementor-element elementor-element-1797a3e7 elementor-widget__width-inherit elementor-widget-mobile__width-inherit elementor-widget elementor-widget-heading\" data-id=\"1797a3e7\" data-element_type=\"widget\" data-widget_type=\"heading.default\">\n\t\t\t\t<div class=\"elementor-widget-container\">\n\t\t\t\t\t<p class=\"elementor-heading-title elementor-size-default\">We have been around since 2006 and have built trust on long-term and sustainable relationships since the start. With operations in Kiruna, G\u00e4llivare, Kalix, \u00d6verkalix, Lule\u00e5, and Pite\u00e5, we are well-positioned to support your industrial projects. <\/p>\t\t\t\t<\/div>\n\t\t\t\t<\/div>\n\t\t\t\t\t<\/div>\n\t\t<\/div>\n\t\t\t\t<div class=\"elementor-column elementor-col-50 elementor-top-column elementor-element elementor-element-ee27ae8\" data-id=\"ee27ae8\" data-element_type=\"column\">\n\t\t\t<div class=\"elementor-widget-wrap\">\n\t\t\t\t\t\t\t<\/div>\n\t\t<\/div>\n\t\t\t\t\t<\/div>\n\t\t<\/section>\n\t\t\t\t<section class=\"elementor-section elementor-top-section elementor-element elementor-element-7de8c33 elementor-section-full_width elementor-section-height-default elementor-section-height-default\" data-id=\"7de8c33\" data-element_type=\"section\" data-settings=\"{&quot;jet_parallax_layout_list&quot;:[]}\">\n\t\t\t\t\t\t\t<div class=\"elementor-background-overlay\"><\/div>\n\t\t\t\t\t\t\t<div class=\"elementor-container elementor-column-gap-default\">\n\t\t\t\t\t<div class=\"elementor-column elementor-col-100 elementor-top-column elementor-element elementor-element-3cfdc46\" data-id=\"3cfdc46\" data-element_type=\"column\">\n\t\t\t<div class=\"elementor-widget-wrap elementor-element-populated\">\n\t\t\t\t\t\t<section class=\"elementor-section elementor-inner-section elementor-element elementor-element-26a150c elementor-section-full_width elementor-section-height-default elementor-section-height-default\" data-id=\"26a150c\" data-element_type=\"section\" data-settings=\"{&quot;jet_parallax_layout_list&quot;:[]}\">\n\t\t\t\t\t\t<div class=\"elementor-container elementor-column-gap-default\">\n\t\t\t\t\t<div class=\"elementor-column elementor-col-50 elementor-inner-column elementor-element elementor-element-2430427\" data-id=\"2430427\" data-element_type=\"column\">\n\t\t\t<div class=\"elementor-widget-wrap elementor-element-populated\">\n\t\t\t\t\t\t<div class=\"elementor-element elementor-element-edf54bd elementor-invisible elementor-widget elementor-widget-text-editor\" data-id=\"edf54bd\" data-element_type=\"widget\" data-settings=\"{&quot;_animation&quot;:&quot;fadeInUp&quot;,&quot;_animation_delay&quot;:80}\" data-widget_type=\"text-editor.default\">\n\t\t\t\t<div class=\"elementor-widget-container\">\n\t\t\t\t\t\t\t\t\t<p>We believe in strategic collaboration and know that by working together we can generate positive results.<\/p>\n<p>We offer services that include manufacturing, assembly, repair and maintenance, as well as excellence in pipe welding for the heavy industry.<\/p>\n<p>Keep up with our projects and day-to-day operations.<\/p>\n\t\t\t\t\t\t\t\t<\/div>\n\t\t\t\t<\/div>\n\t\t\t\t\t<\/div>\n\t\t<\/div>\n\t\t\t\t<div class=\"elementor-column elementor-col-50 elementor-inner-column elementor-element elementor-element-5f5f192\" data-id=\"5f5f192\" data-element_type=\"column\">\n\t\t\t<div class=\"elementor-widget-wrap\">\n\t\t\t\t\t\t\t<\/div>\n\t\t<\/div>\n\t\t\t\t\t<\/div>\n\t\t<\/section>\n\t\t\t\t\t<\/div>\n\t\t<\/div>\n\t\t\t\t\t<\/div>\n\t\t<\/section>\n\t\t\t\t<section class=\"elementor-section elementor-top-section elementor-element elementor-element-8426d7c elementor-section-full_width elementor-section-height-default elementor-section-height-default\" data-id=\"8426d7c\" data-element_type=\"section\" data-settings=\"{&quot;background_background&quot;:&quot;classic&quot;,&quot;jet_parallax_layout_list&quot;:[]}\">\n\t\t\t\t\t\t<div class=\"elementor-container elementor-column-gap-default\">\n\t\t\t\t\t<div class=\"elementor-column elementor-col-100 elementor-top-column elementor-element elementor-element-499aacf\" data-id=\"499aacf\" data-element_type=\"column\">\n\t\t\t<div class=\"elementor-widget-wrap elementor-element-populated\">\n\t\t\t\t\t\t<div class=\"elementor-element elementor-element-fdf4da6 premium-header-inline premium-lq__none premium-box-lq__none elementor-widget elementor-widget-premium-addon-dual-header\" data-id=\"fdf4da6\" data-element_type=\"widget\" data-widget_type=\"premium-addon-dual-header.default\">\n\t\t\t\t<div class=\"elementor-widget-container\">\n\t\t\t\t\t\n\t\t\t\t\t<span class=\"premium-dual-header-first-header \"><span class=\"premium-dual-header-first-span\">PROJECT <\/span><\/span> \t\t\n\t\t\t\t\t\t<\/div>\n\t\t\t\t<\/div>\n\t\t\t\t<div class=\"elementor-element elementor-element-42bf07e elementor-invisible elementor-widget elementor-widget-heading\" data-id=\"42bf07e\" data-element_type=\"widget\" data-settings=\"{&quot;_animation&quot;:&quot;fadeIn&quot;}\" data-widget_type=\"heading.default\">\n\t\t\t\t<div class=\"elementor-widget-container\">\n\t\t\t\t\t<h6 class=\"elementor-heading-title elementor-size-default\">Read more about our projects<\/h6>\t\t\t\t<\/div>\n\t\t\t\t<\/div>\n\t\t\t\t<section class=\"elementor-section elementor-inner-section elementor-element elementor-element-6cbaa0b elementor-section-full_width elementor-section-height-default elementor-section-height-default\" data-id=\"6cbaa0b\" data-element_type=\"section\" data-settings=\"{&quot;jet_parallax_layout_list&quot;:[]}\">\n\t\t\t\t\t\t<div class=\"elementor-container elementor-column-gap-default\">\n\t\t\t\t\t<div class=\"elementor-column elementor-col-50 elementor-inner-column elementor-element elementor-element-08352eb\" data-id=\"08352eb\" data-element_type=\"column\">\n\t\t\t<div class=\"elementor-widget-wrap elementor-element-populated\">\n\t\t\t\t\t\t<div class=\"elementor-element elementor-element-b08e39a elementor-widget elementor-widget-premium-addon-banner\" data-id=\"b08e39a\" data-element_type=\"widget\" data-widget_type=\"premium-addon-banner.default\">\n\t\t\t\t<div class=\"elementor-widget-container\">\n\t\t\t\t\t\t\t<div class=\"premium-banner-ib premium-banner-min-height premium-banner-animation1 none\">\n\t\t\t\t\t\t\t\t\t\t<img fetchpriority=\"high\" decoding=\"async\" width=\"1536\" height=\"1152\" src=\"https:\/\/vinab.se\/wp-content\/uploads\/2023\/05\/20230506_201422-01-1536x1152.jpeg\" class=\"attachment-1536x1536 size-1536x1536 wp-image-9231\" alt=\"\" srcset=\"https:\/\/vinab.se\/wp-content\/uploads\/2023\/05\/20230506_201422-01-1536x1152.jpeg 1536w, https:\/\/vinab.se\/wp-content\/uploads\/2023\/05\/20230506_201422-01-300x225.jpeg 300w, https:\/\/vinab.se\/wp-content\/uploads\/2023\/05\/20230506_201422-01-1024x768.jpeg 1024w, https:\/\/vinab.se\/wp-content\/uploads\/2023\/05\/20230506_201422-01-768x576.jpeg 768w, https:\/\/vinab.se\/wp-content\/uploads\/2023\/05\/20230506_201422-01-2048x1536.jpeg 2048w\" sizes=\"(max-width: 1536px) 100vw, 1536px\" \/>\t\t\t\t\t\t\t\t\t<div class=\"premium-banner-ib-desc\">\n\t\t\t\t\t\t\t\t\t<h3 class=\"premium-banner-ib-title premium_banner_title\">New gas duct for LKAB<\/h3>\t\t\t\t\t\t<div class=\"premium-banner-ib-content premium_banner_content\">\n\t\t\t\t\t\t\t<p>We have designed and manufactured a flue gas duct for LKAB that will now be replaced during the annual May peak. Read more about it! <\/p>\t\t\t\t\t\t<\/div>\n\t\t\t\t\t\t\t\t\t\t\t\t\t\t\t\t\t<\/div>\n\t\t\t\t\t\t\t<a href=\"https:\/\/vinab.se\/projekt\/vinab-levererar-ny-rokgaskanal-till-lkab\/\" class=\"premium-banner-ib-link\"><\/a>\n\t\t\t\t\t<\/div>\n\n\t\t\t\t\t\t<\/div>\n\t\t\t\t<\/div>\n\t\t\t\t<div class=\"elementor-element elementor-element-ba4a658 elementor-widget elementor-widget-premium-addon-banner\" data-id=\"ba4a658\" data-element_type=\"widget\" data-widget_type=\"premium-addon-banner.default\">\n\t\t\t\t<div class=\"elementor-widget-container\">\n\t\t\t\t\t\t\t<div class=\"premium-banner-ib premium-banner-min-height premium-banner-animation1 none\">\n\t\t\t\t\t\t\t\t\t\t<img decoding=\"async\" width=\"1536\" height=\"1152\" src=\"https:\/\/vinab.se\/wp-content\/uploads\/2023\/06\/20230602_214446-01-1536x1152.jpeg\" class=\"attachment-1536x1536 size-1536x1536 wp-image-9242\" alt=\"\" srcset=\"https:\/\/vinab.se\/wp-content\/uploads\/2023\/06\/20230602_214446-01-1536x1152.jpeg 1536w, https:\/\/vinab.se\/wp-content\/uploads\/2023\/06\/20230602_214446-01-300x225.jpeg 300w, https:\/\/vinab.se\/wp-content\/uploads\/2023\/06\/20230602_214446-01-1024x768.jpeg 1024w, https:\/\/vinab.se\/wp-content\/uploads\/2023\/06\/20230602_214446-01-768x576.jpeg 768w, https:\/\/vinab.se\/wp-content\/uploads\/2023\/06\/20230602_214446-01-2048x1536.jpeg 2048w\" sizes=\"(max-width: 1536px) 100vw, 1536px\" \/>\t\t\t\t\t\t\t\t\t<div class=\"premium-banner-ib-desc\">\n\t\t\t\t\t\t\t\t\t<h3 class=\"premium-banner-ib-title premium_banner_title\">Extraction hood for SSAB Lule\u00e5<\/h3>\t\t\t\t\t\t<div class=\"premium-banner-ib-content premium_banner_content\">\n\t\t\t\t\t\t\t<p>We have designed and manufactured a flue gas duct for LKAB that will now be replaced during the annual May peak. Read more about it! <\/p>\t\t\t\t\t\t<\/div>\n\t\t\t\t\t\t\t\t\t\t\t\t\t\t\t\t\t<\/div>\n\t\t\t\t\t\t\t<a href=\"https:\/\/vinab.se\/projekt\/vinab-levererar-utsugshuv-till-ssab-lulea\/\" class=\"premium-banner-ib-link\"><\/a>\n\t\t\t\t\t<\/div>\n\n\t\t\t\t\t\t<\/div>\n\t\t\t\t<\/div>\n\t\t\t\t\t<\/div>\n\t\t<\/div>\n\t\t\t\t<div class=\"elementor-column elementor-col-50 elementor-inner-column elementor-element elementor-element-1c98114\" data-id=\"1c98114\" data-element_type=\"column\">\n\t\t\t<div class=\"elementor-widget-wrap elementor-element-populated\">\n\t\t\t\t\t\t<div class=\"elementor-element elementor-element-26028f2 elementor-widget elementor-widget-premium-addon-banner\" data-id=\"26028f2\" data-element_type=\"widget\" data-widget_type=\"premium-addon-banner.default\">\n\t\t\t\t<div class=\"elementor-widget-container\">\n\t\t\t\t\t\t\t<div class=\"premium-banner-ib premium-banner-min-height premium-banner-animation1 none\">\n\t\t\t\t\t\t\t\t\t\t<img decoding=\"async\" width=\"1536\" height=\"1024\" src=\"https:\/\/vinab.se\/wp-content\/uploads\/2023\/05\/91d05ebe-cca8-463d-8757-b9a185a02735-1536x1024.jpg\" class=\"attachment-1536x1536 size-1536x1536 wp-image-9236\" alt=\"\" srcset=\"https:\/\/vinab.se\/wp-content\/uploads\/2023\/05\/91d05ebe-cca8-463d-8757-b9a185a02735-1536x1024.jpg 1536w, https:\/\/vinab.se\/wp-content\/uploads\/2023\/05\/91d05ebe-cca8-463d-8757-b9a185a02735-300x200.jpg 300w, https:\/\/vinab.se\/wp-content\/uploads\/2023\/05\/91d05ebe-cca8-463d-8757-b9a185a02735-1024x683.jpg 1024w, https:\/\/vinab.se\/wp-content\/uploads\/2023\/05\/91d05ebe-cca8-463d-8757-b9a185a02735-768x512.jpg 768w, https:\/\/vinab.se\/wp-content\/uploads\/2023\/05\/91d05ebe-cca8-463d-8757-b9a185a02735.jpg 1920w\" sizes=\"(max-width: 1536px) 100vw, 1536px\" \/>\t\t\t\t\t\t\t\t\t<div class=\"premium-banner-ib-desc\">\n\t\t\t\t\t\t\t\t\t<h3 class=\"premium-banner-ib-title premium_banner_title\">Tanks for Kaunis Iron<\/h3>\t\t\t\t\t\t<div class=\"premium-banner-ib-content premium_banner_content\">\n\t\t\t\t\t\t\t<p>We have entered into a partnership with Kaunis Iron and will supply around twenty tanks to their operations.<\/p>\t\t\t\t\t\t<\/div>\n\t\t\t\t\t\t\t\t\t\t\t\t\t\t\t\t\t<\/div>\n\t\t\t\t\t\t\t<a href=\"https:\/\/vinab.se\/projekt\/vinab-levererar-tankar-till-kaunis-iron\/\" class=\"premium-banner-ib-link\"><\/a>\n\t\t\t\t\t<\/div>\n\n\t\t\t\t\t\t<\/div>\n\t\t\t\t<\/div>\n\t\t\t\t<div class=\"elementor-element elementor-element-0d04af4 elementor-widget elementor-widget-premium-addon-banner\" data-id=\"0d04af4\" data-element_type=\"widget\" data-widget_type=\"premium-addon-banner.default\">\n\t\t\t\t<div class=\"elementor-widget-container\">\n\t\t\t\t\t\t\t<div class=\"premium-banner-ib premium-banner-min-height premium-banner-animation1 none\">\n\t\t\t\t\t\t\t\t\t\t<img loading=\"lazy\" decoding=\"async\" width=\"1536\" height=\"1103\" src=\"https:\/\/vinab.se\/wp-content\/uploads\/2023\/09\/IMG_5816-scaled-1-e1695998106371-1536x1103.jpg\" class=\"attachment-1536x1536 size-1536x1536 wp-image-9841\" alt=\"\" srcset=\"https:\/\/vinab.se\/wp-content\/uploads\/2023\/09\/IMG_5816-scaled-1-e1695998106371-1536x1103.jpg 1536w, https:\/\/vinab.se\/wp-content\/uploads\/2023\/09\/IMG_5816-scaled-1-e1695998106371-300x215.jpg 300w, https:\/\/vinab.se\/wp-content\/uploads\/2023\/09\/IMG_5816-scaled-1-e1695998106371-1024x735.jpg 1024w, https:\/\/vinab.se\/wp-content\/uploads\/2023\/09\/IMG_5816-scaled-1-e1695998106371-768x552.jpg 768w, https:\/\/vinab.se\/wp-content\/uploads\/2023\/09\/IMG_5816-scaled-1-e1695998106371.jpg 1920w\" sizes=\"(max-width: 1536px) 100vw, 1536px\" \/>\t\t\t\t\t\t\t\t\t<div class=\"premium-banner-ib-desc\">\n\t\t\t\t\t\t\t\t\t<h3 class=\"premium-banner-ib-title premium_banner_title\">Buckets for the Mining Industry since 2016<\/h3>\t\t\t\t\t\t<div class=\"premium-banner-ib-content premium_banner_content\">\n\t\t\t\t\t\t\t<p>We have designed and manufactured a flue gas duct for LKAB that will now be replaced during the annual May peak. Read more about it! <\/p>\t\t\t\t\t\t<\/div>\n\t\t\t\t\t\t\t\t\t\t\t\t\t\t\t\t\t<\/div>\n\t\t\t\t\t\t\t<a href=\"https:\/\/vinab.se\/projekt\/vinab-har-renoverat-skopor-at-gruvindustrin-sedan-2016\/\" class=\"premium-banner-ib-link\"><\/a>\n\t\t\t\t\t<\/div>\n\n\t\t\t\t\t\t<\/div>\n\t\t\t\t<\/div>\n\t\t\t\t\t<\/div>\n\t\t<\/div>\n\t\t\t\t\t<\/div>\n\t\t<\/section>\n\t\t\t\t\t<\/div>\n\t\t<\/div>\n\t\t\t\t\t<\/div>\n\t\t<\/section>\n\t\t\t\t<section class=\"elementor-section elementor-top-section elementor-element elementor-element-5c927bd elementor-section-full_width elementor-section-height-default elementor-section-height-default\" data-id=\"5c927bd\" data-element_type=\"section\" data-settings=\"{&quot;background_background&quot;:&quot;classic&quot;,&quot;jet_parallax_layout_list&quot;:[]}\">\n\t\t\t\t\t\t\t<div class=\"elementor-background-overlay\"><\/div>\n\t\t\t\t\t\t\t<div class=\"elementor-container elementor-column-gap-default\">\n\t\t\t\t\t<div class=\"elementor-column elementor-col-100 elementor-top-column elementor-element elementor-element-aa260a6\" data-id=\"aa260a6\" data-element_type=\"column\">\n\t\t\t<div class=\"elementor-widget-wrap elementor-element-populated\">\n\t\t\t\t\t\t<section class=\"elementor-section elementor-inner-section elementor-element elementor-element-14d61bc elementor-section-full_width elementor-section-height-default elementor-section-height-default\" data-id=\"14d61bc\" data-element_type=\"section\" data-settings=\"{&quot;jet_parallax_layout_list&quot;:[]}\">\n\t\t\t\t\t\t<div class=\"elementor-container elementor-column-gap-default\">\n\t\t\t\t\t<div class=\"elementor-column elementor-col-50 elementor-inner-column elementor-element elementor-element-e971cca\" data-id=\"e971cca\" data-element_type=\"column\">\n\t\t\t<div class=\"elementor-widget-wrap elementor-element-populated\">\n\t\t\t\t\t\t<div class=\"elementor-element elementor-element-00ec23f premium-header-inline premium-lq__none premium-box-lq__none elementor-widget elementor-widget-premium-addon-dual-header\" data-id=\"00ec23f\" data-element_type=\"widget\" data-widget_type=\"premium-addon-dual-header.default\">\n\t\t\t\t<div class=\"elementor-widget-container\">\n\t\t\t\t\t\n\t\t\t\t\t<span class=\"premium-dual-header-first-header \"><span class=\"premium-dual-header-first-span\">OUR OFFER <\/span><\/span> \t\t\n\t\t\t\t\t\t<\/div>\n\t\t\t\t<\/div>\n\t\t\t\t<div class=\"elementor-element elementor-element-717f713 elementor-invisible elementor-widget elementor-widget-heading\" data-id=\"717f713\" data-element_type=\"widget\" data-settings=\"{&quot;_animation&quot;:&quot;fadeInUp&quot;}\" data-widget_type=\"heading.default\">\n\t\t\t\t<div class=\"elementor-widget-container\">\n\t\t\t\t\t<h2 class=\"elementor-heading-title elementor-size-default\">How can we help you?<\/h2>\t\t\t\t<\/div>\n\t\t\t\t<\/div>\n\t\t\t\t<div class=\"elementor-element elementor-element-d3eea34 elementor-invisible elementor-widget elementor-widget-text-editor\" data-id=\"d3eea34\" data-element_type=\"widget\" data-settings=\"{&quot;_animation&quot;:&quot;fadeInUp&quot;,&quot;_animation_delay&quot;:80}\" data-widget_type=\"text-editor.default\">\n\t\t\t\t<div class=\"elementor-widget-container\">\n\t\t\t\t\t\t\t\t\t<p>Our strength lies in our broad expertise and extensive experience in the fields where we operate.<br \/>Our customers range from companies to both large and small industries. <\/p>\n\t\t\t\t\t\t\t\t<\/div>\n\t\t\t\t<\/div>\n\t\t\t\t<div class=\"elementor-element elementor-element-caa336d elementor-align-left elementor-mobile-align-center elementor-invisible elementor-widget elementor-widget-button\" data-id=\"caa336d\" data-element_type=\"widget\" data-settings=\"{&quot;_animation&quot;:&quot;fadeInUp&quot;,&quot;_animation_delay&quot;:500}\" data-widget_type=\"button.default\">\n\t\t\t\t<div class=\"elementor-widget-container\">\n\t\t\t\t\t\t\t\t\t<div class=\"elementor-button-wrapper\">\n\t\t\t\t\t<a class=\"elementor-button elementor-button-link elementor-size-sm elementor-animation-shrink\" href=\"https:\/\/vinab.se\/en\/our-offer\/\">\n\t\t\t\t\t\t<span class=\"elementor-button-content-wrapper\">\n\t\t\t\t\t\t<span class=\"elementor-button-icon\">\n\t\t\t\t<i aria-hidden=\"true\" class=\"icon icon-right-arrow1\"><\/i>\t\t\t<\/span>\n\t\t\t\t\t\t\t\t\t<span class=\"elementor-button-text\">READ MORE<\/span>\n\t\t\t\t\t<\/span>\n\t\t\t\t\t<\/a>\n\t\t\t\t<\/div>\n\t\t\t\t\t\t\t\t<\/div>\n\t\t\t\t<\/div>\n\t\t\t\t\t<\/div>\n\t\t<\/div>\n\t\t\t\t<div class=\"elementor-column elementor-col-50 elementor-inner-column elementor-element elementor-element-aaf1436\" data-id=\"aaf1436\" data-element_type=\"column\">\n\t\t\t<div class=\"elementor-widget-wrap\">\n\t\t\t\t\t\t\t<\/div>\n\t\t<\/div>\n\t\t\t\t\t<\/div>\n\t\t<\/section>\n\t\t\t\t\t<\/div>\n\t\t<\/div>\n\t\t\t\t\t<\/div>\n\t\t<\/section>\n\t\t\t\t<\/div>\n\t\t","protected":false},"excerpt":{"rendered":"<p>PROJECT Your partner through time We have been around since 2006 and have built trust on long-term and sustainable relationships since the start. With operations in Kiruna, G\u00e4llivare, Kalix, \u00d6verkalix, Lule\u00e5, and Pite\u00e5, we are well-positioned to support your industrial projects. We believe in strategic collaboration and know that by working together we can generate [&hellip;]<\/p>\n","protected":false},"author":1,"featured_media":0,"parent":0,"menu_order":0,"comment_status":"closed","ping_status":"closed","template":"elementor_header_footer","meta":{"_acf_changed":false,"footnotes":""},"class_list":["post-10278","page","type-page","status-publish","hentry"],"acf":[],"_links":{"self":[{"href":"https:\/\/vinab.se\/en\/wp-json\/wp\/v2\/pages\/10278","targetHints":{"allow":["GET"]}}],"collection":[{"href":"https:\/\/vinab.se\/en\/wp-json\/wp\/v2\/pages"}],"about":[{"href":"https:\/\/vinab.se\/en\/wp-json\/wp\/v2\/types\/page"}],"author":[{"embeddable":true,"href":"https:\/\/vinab.se\/en\/wp-json\/wp\/v2\/users\/1"}],"replies":[{"embeddable":true,"href":"https:\/\/vinab.se\/en\/wp-json\/wp\/v2\/comments?post=10278"}],"version-history":[{"count":5,"href":"https:\/\/vinab.se\/en\/wp-json\/wp\/v2\/pages\/10278\/revisions"}],"predecessor-version":[{"id":10519,"href":"https:\/\/vinab.se\/en\/wp-json\/wp\/v2\/pages\/10278\/revisions\/10519"}],"wp:attachment":[{"href":"https:\/\/vinab.se\/en\/wp-json\/wp\/v2\/media?parent=10278"}],"curies":[{"name":"wp","href":"https:\/\/api.w.org\/{rel}","templated":true}]}}